{"id":479,"date":"2013-05-23T12:14:09","date_gmt":"2013-05-23T12:14:09","guid":{"rendered":"http:\/\/localhost\/whb\/?page_id=479"},"modified":"2023-07-06T22:36:21","modified_gmt":"2023-07-06T22:36:21","slug":"location-de-voiture-tanger","status":"publish","type":"page","link":"https:\/\/www.ramicar.com\/location-voiture-Tanger\/","title":{"rendered":"Accueil"},"content":{"rendered":"<div class=\"tf-flash-messages\"><\/div>\n<div class=\"sb \">\n<div class=\"box_title\">Agence de location de voiture \u00e0 Tanger<\/div>\n<div class=\"box_content\">\n<h3 class=\"toggle \">Agence de location de voiture \u00e0 Tanger<span class=\"ico\"><\/span><\/h3>\n<div class=\"toggle_content boxed\">\n<p>Rami Car est une<strong> agence de location de voiture \u00e0 Tanger<\/strong>. Notre but est de founrir \u00e0 nos clients une voiture qui correspond \u00e0 ces besoins dans les meilleurs d\u00e9lais et sans complications. C&#8217;est pour cela que nous mettons \u00e0 votre disposition une large gamme de voitures allant de la citadine \u00e0 tout-terrain. Nous vous garantissons \u00e9galement un excellent prix pour toutes nos voitures.<\/p>\n<p>En plus de la location des voitures, nous fournissons \u00e0 nos clients plusieurs services pour leur faciliter la location et la r\u00e9cup\u00e9ration de leurs voitures. Si vous arrivez sur <strong>Tanger<\/strong> par avion ou par b\u00e2teau, nous vous ferons \u00e9conomiser du temps et nous vous livrons votre voiture au port ou \u00e0 l&#8217;a\u00e9roport, il suffit de nous confirmer l&#8217;heure de votre arriv\u00e9e et un repr\u00e9sentant vous y attendra avec votre voiture et tous vos documents \u00e0 remplis sur place.<\/p>\n<p>Notre flexibilit\u00e9 nous permet de vous fournir \u00e9galement une formule sur mesure, contactez-nous et parlez-nous de vos besoins, nous vous r\u00e9pondrons dans les plus brefs d\u00e9lais avec tous les d\u00e9tails n\u00e9cessaires.<\/p>\n<p>Adressez-vous au professionnels du domaine et louez votre voiture en toute tranquilit\u00e9. Contactez Rami Car d\u00e8s maintenant et r\u00e9server votre voiture.<\/p>\n<p>Trouvez d\u00e8s maintenant la voiture qui vous convient et contactez-nous pour la r\u00e9server et confirm\u00e9e la <strong>location de voiture \u00e0 Tanger<\/strong>, nous vous demanderont l&#8217;heure \u00e0 laquelle vous arriverez \u00e0 Tanger, et un de nos agents sera \u00e0 la porte de l&#8217;a\u00e9roport pour vous donner les cl\u00e9s de votre voiture.<\/p>\n<\/div>\n<div class=\"clear\"><\/div>\n<\/div><\/div>\n","protected":false},"excerpt":{"rendered":"","protected":false},"author":1,"featured_media":0,"parent":0,"menu_order":0,"comment_status":"open","ping_status":"open","template":"","meta":[],"_links":{"self":[{"href":"https:\/\/www.ramicar.com\/location-voiture-Tanger\/wp-json\/wp\/v2\/pages\/479"}],"collection":[{"href":"https:\/\/www.ramicar.com\/location-voiture-Tanger\/wp-json\/wp\/v2\/pages"}],"about":[{"href":"https:\/\/www.ramicar.com\/location-voiture-Tanger\/wp-json\/wp\/v2\/types\/page"}],"author":[{"embeddable":true,"href":"https:\/\/www.ramicar.com\/location-voiture-Tanger\/wp-json\/wp\/v2\/users\/1"}],"replies":[{"embeddable":true,"href":"https:\/\/www.ramicar.com\/location-voiture-Tanger\/wp-json\/wp\/v2\/comments?post=479"}],"version-history":[{"count":18,"href":"https:\/\/www.ramicar.com\/location-voiture-Tanger\/wp-json\/wp\/v2\/pages\/479\/revisions"}],"predecessor-version":[{"id":3206,"href":"https:\/\/www.ramicar.com\/location-voiture-Tanger\/wp-json\/wp\/v2\/pages\/479\/revisions\/3206"}],"wp:attachment":[{"href":"https:\/\/www.ramicar.com\/location-voiture-Tanger\/wp-json\/wp\/v2\/media?parent=479"}],"curies":[{"name":"wp","href":"https:\/\/api.w.org\/{rel}","templated":true}]}}